{"id":796,"date":"2024-04-14T18:30:16","date_gmt":"2024-04-14T18:30:16","guid":{"rendered":"https:\/\/serwer273298.lh.pl\/?post_type=product&#038;p=796"},"modified":"2026-02-06T18:18:29","modified_gmt":"2026-02-06T18:18:29","slug":"sofa-chesterfield-funkcja","status":"publish","type":"product","link":"https:\/\/meblejaro.com\/index.php\/produkt\/sofa-chesterfield-funkcja\/","title":{"rendered":"Sofa Chesterfield z funkcj\u0105 spania"},"content":{"rendered":"\r\n\t<div class=\"paoc-image-popup\">\r\n\t\t<a class=\"paoc-popup-click paoc-popup-cust-957 paoc-popup-image paoc-popup-image\" href=\"javascript:void(0);\"><img decoding=\"async\" class=\"popupaoc-img\" src=\"https:\/\/meblejaro.com\/wp-content\/uploads\/2024\/04\/royal-velvet.jpg\" alt=\"\" \/><\/a>\r\n\r\n\t\t\t<\/div>\r\n\r\n\r\n\t<div class=\"paoc-image-popup\">\r\n\t\t<a class=\"paoc-popup-click paoc-popup-cust-771 paoc-popup-image paoc-popup-image\" href=\"javascript:void(0);\"><img decoding=\"async\" class=\"popupaoc-img\" src=\"https:\/\/meblejaro.com\/wp-content\/uploads\/2024\/04\/dostepne-nozki-300x188.jpg\" alt=\"\" \/><\/a>\r\n\r\n\t\t\t<\/div>\r\n\r\n\r\n\t<div class=\"paoc-image-popup\">\r\n\t\t<a class=\"paoc-popup-click paoc-popup-cust-776 paoc-popup-image paoc-popup-image\" href=\"javascript:void(0);\"><img decoding=\"async\" class=\"popupaoc-img\" src=\"https:\/\/meblejaro.com\/wp-content\/uploads\/2024\/04\/pinezki-300x188.jpg\" alt=\"\" \/><\/a>\r\n\r\n\t\t\t<\/div>\r\n\r\n\n<h3><strong>Odkryj Elegancj\u0119 i Luksus z Sof\u0105 Chesterfield<\/strong><\/h3>\n<p>Wprowad\u017a do swojego wn\u0119trza powiew klasyki i stylu z nasz\u0105 Sof\u0105 Chesterfield &#8211; meblem, kt\u00f3ry \u0142\u0105czy w sobie elegancj\u0119, wyrafinowanie i niepowtarzalny urok. Nasza Sofa Chesterfield to wi\u0119cej ni\u017c zwyk\u0142y mebel, to produkt kt\u00f3ry podkre\u015bli charakter ka\u017cdego pomieszczenia i stworzy atmosfer\u0119 luksusu, jakiej nigdy wcze\u015bniej nie do\u015bwiadczy\u0142e\u015b.<\/p>\n<p><strong>Wyj\u0105tkowy Design:<\/strong><\/p>\n<p>Sofa Chesterfield to synonim klasycznej elegancji i wyj\u0105tkowego designu. Z charakterystycznymi pinezkami, r\u0119cznie wykonanymi pikowaniami oraz eleganckimi, zaokr\u0105glonymi pod\u0142okietnikami, nasz mebel przyci\u0105ga uwag\u0119 od pierwszego spojrzenia. Ka\u017cdy detal zosta\u0142 starannie zaprojektowany, aby stworzy\u0107 efektowny i wyj\u0105tkowy wygl\u0105d, kt\u00f3ry zachwyca i inspiruje.<\/p>\n<p><strong>Najlepsze Materia\u0142y:<\/strong><\/p>\n<p>Dbamy o najwy\u017csz\u0105 jako\u015b\u0107, dlatego nasza Sofa Chesterfield jest wykonana z najlepszych materia\u0142\u00f3w dost\u0119pnych na rynku. Wysokiej jako\u015bci tkaniny, kt\u00f3re oferujemy, gwarantuj\u0105 nie tylko niezr\u00f3wnany wygl\u0105d, ale tak\u017ce wyj\u0105tkowy komfort u\u017cytkowania. Nasze materia\u0142y s\u0105 starannie wyselekcjonowane, aby zapewni\u0107 trwa\u0142o\u015b\u0107 i elegancj\u0119 przez wiele lat.<\/p>\n<p><strong>Dba\u0142o\u015b\u0107 o Detale:<\/strong><\/p>\n<p>W naszej Sofie Chesterfield szczeg\u00f3ln\u0105 uwag\u0119 przywi\u0105zujemy do detali. Ka\u017cdy element, od r\u0119cznie wyko\u0144czonych pikowa\u0144 po solidn\u0105 konstrukcj\u0119, jest starannie wykonany z najwy\u017csz\u0105 precyzj\u0105 i pasj\u0105. To dzi\u0119ki temu nasz mebel wyr\u00f3\u017cnia si\u0119 nie tylko swoim wygl\u0105dem, ale r\u00f3wnie\u017c trwa\u0142o\u015bci\u0105 i solidno\u015bci\u0105.<\/p>\n<p><strong>Oaza Luksusu w Twoim Domu:<\/strong><\/p>\n<p>Z nasz\u0105 Sof\u0105 Chesterfield stw\u00f3rz wyj\u0105tkow\u0105 oaz\u0119 luksusu w swoim domu. Niezale\u017cnie od tego, czy umie\u015bcisz j\u0105 w salonie, gabinecie czy sypialni, nasz mebel doda wn\u0119trzu niepowtarzalnego charakteru i elegancji. To nie tylko sofa &#8211; to wyraz Twojego wyj\u0105tkowego gustu.<\/p>\n<p><strong>Odkryj Sof\u0119 Chesterfield i Zanurz si\u0119 w \u015awiecie Stylu !<\/strong><\/p>\n<h4><strong>Wymiary sofy:<\/strong><\/h4>\n<p><strong>Wariant 2 osobowy:<\/strong><\/p>\n<ul>\n<li>D\u0142ugo\u015b\u0107 ca\u0142kowita: 200cm.<\/li>\n<li>G\u0142\u0119boko\u015b\u0107 ca\u0142kowita: 92cm.<\/li>\n<li>Wysoko\u015b\u0107: 75cm +5cm na n\u00f3\u017cce ludwik metal i ludwik drewno.<\/li>\n<li>Wysoko\u015b\u0107 od pod\u0142ogi do siedziska: 43cm<\/li>\n<li>Wielko\u015b\u0107 siedziska 134x51cm.<\/li>\n<li>powierzchnia spania: 113x183cm<\/li>\n<\/ul>\n<p><strong>Wariant 3 osobowy:<\/strong><\/p>\n<ul>\n<li>D\u0142ugo\u015b\u0107 ca\u0142kowita: 230cm.<\/li>\n<li>G\u0142\u0119boko\u015b\u0107 ca\u0142kowita: 92cm.<\/li>\n<li>Wysoko\u015b\u0107: 75cm +5cm na n\u00f3\u017cce ludwik metal i ludwik drewno.<\/li>\n<li>Wysoko\u015b\u0107 od pod\u0142ogi do siedziska: 43cm<\/li>\n<li>Wielko\u015b\u0107 siedziska 164x51cm.<\/li>\n<li>powierzchnia spania: 133x183cm<\/li>\n<\/ul>\n<p><strong>Funkcja spania to automat belgijski.<\/strong><\/p>\n<p><strong>Mo\u017cemy wykona\u0107 mebel w wi\u0119kszo\u015bci rozmiar\u00f3w, je\u015bli masz konkretne wymagania co do wielko\u015bci mebla, skontaktuj si\u0119 z nami pod numerem telefonu: <a href=\"tel:+48790257412\">+48 790 257 412<\/a> lub przez naszego facebooka.<\/strong><\/p>\n","protected":false},"excerpt":{"rendered":"<p>Odkryj Elegancj\u0119 i Luksus z Sof\u0105 Chesterfield Wprowad\u017a do swojego wn\u0119trza powiew klasyki i stylu z nasz\u0105 Sof\u0105 Chesterfield &#8211; meblem, kt\u00f3ry \u0142\u0105czy w sobie elegancj\u0119, wyrafinowanie i niepowtarzalny urok. Nasza Sofa Chesterfield to wi\u0119cej ni\u017c zwyk\u0142y mebel, to produkt &hellip; <a href=\"https:\/\/meblejaro.com\/index.php\/produkt\/sofa-chesterfield-funkcja\/\">Continued<\/a><\/p>\n","protected":false},"featured_media":798,"comment_status":"open","ping_status":"closed","template":"","meta":{"kt_blocks_editor_width":""},"product_brand":[],"product_cat":[25,17],"product_tag":[],"class_list":{"0":"post-796","1":"product","2":"type-product","3":"status-publish","4":"has-post-thumbnail","6":"product_cat-chesterfield","7":"product_cat-sofy","8":"product_shipping_class-sofy","10":"first","11":"instock","12":"shipping-taxable","13":"purchasable","14":"product-type-simple"},"_links":{"self":[{"href":"https:\/\/meblejaro.com\/index.php\/wp-json\/wp\/v2\/product\/796","targetHints":{"allow":["GET"]}}],"collection":[{"href":"https:\/\/meblejaro.com\/index.php\/wp-json\/wp\/v2\/product"}],"about":[{"href":"https:\/\/meblejaro.com\/index.php\/wp-json\/wp\/v2\/types\/product"}],"replies":[{"embeddable":true,"href":"https:\/\/meblejaro.com\/index.php\/wp-json\/wp\/v2\/comments?post=796"}],"wp:featuredmedia":[{"embeddable":true,"href":"https:\/\/meblejaro.com\/index.php\/wp-json\/wp\/v2\/media\/798"}],"wp:attachment":[{"href":"https:\/\/meblejaro.com\/index.php\/wp-json\/wp\/v2\/media?parent=796"}],"wp:term":[{"taxonomy":"product_brand","embeddable":true,"href":"https:\/\/meblejaro.com\/index.php\/wp-json\/wp\/v2\/product_brand?post=796"},{"taxonomy":"product_cat","embeddable":true,"href":"https:\/\/meblejaro.com\/index.php\/wp-json\/wp\/v2\/product_cat?post=796"},{"taxonomy":"product_tag","embeddable":true,"href":"https:\/\/meblejaro.com\/index.php\/wp-json\/wp\/v2\/product_tag?post=796"}],"curies":[{"name":"wp","href":"https:\/\/api.w.org\/{rel}","templated":true}]}}