{"id":778,"date":"2024-04-14T15:52:27","date_gmt":"2024-04-14T15:52:27","guid":{"rendered":"https:\/\/serwer273298.lh.pl\/?post_type=product&#038;p=778"},"modified":"2026-02-06T18:19:04","modified_gmt":"2026-02-06T18:19:04","slug":"wersalka-z-pojemnikiem","status":"publish","type":"product","link":"https:\/\/meblejaro.com\/index.php\/produkt\/wersalka-z-pojemnikiem\/","title":{"rendered":"Wersalka z pojemnikiem"},"content":{"rendered":"\r\n\t<div class=\"paoc-image-popup\">\r\n\t\t<a class=\"paoc-popup-click paoc-popup-cust-957 paoc-popup-image paoc-popup-image\" href=\"javascript:void(0);\"><img decoding=\"async\" class=\"popupaoc-img\" src=\"https:\/\/meblejaro.com\/wp-content\/uploads\/2024\/04\/royal-velvet.jpg\" alt=\"\" \/><\/a>\r\n\r\n\t\t\t<\/div>\r\n\r\n\r\n\t<div class=\"paoc-image-popup\">\r\n\t\t<a class=\"paoc-popup-click paoc-popup-cust-771 paoc-popup-image paoc-popup-image\" href=\"javascript:void(0);\"><img decoding=\"async\" class=\"popupaoc-img\" src=\"https:\/\/meblejaro.com\/wp-content\/uploads\/2024\/04\/dostepne-nozki-300x188.jpg\" alt=\"\" \/><\/a>\r\n\r\n\t\t\t<\/div>\r\n\r\n\r\n\t<div class=\"paoc-image-popup\">\r\n\t\t<a class=\"paoc-popup-click paoc-popup-cust-776 paoc-popup-image paoc-popup-image\" href=\"javascript:void(0);\"><img decoding=\"async\" class=\"popupaoc-img\" src=\"https:\/\/meblejaro.com\/wp-content\/uploads\/2024\/04\/pinezki-300x188.jpg\" alt=\"\" \/><\/a>\r\n\r\n\t\t\t<\/div>\r\n\r\n\n<h3>Wersalka z pojemnikiem na po\u015bciel<\/h3>\n<p>Oto prezentacja naszego mebla, doskona\u0142ej kombinacji wygody i praktyczno\u015bci, idealnego do Twojego salonu lub pokoju go\u015bcinnego. Nasz produkt z pojemnikiem na po\u015bciel to wyj\u0105tkowe rozwi\u0105zanie dla tych, kt\u00f3rzy poszukuj\u0105 mebla, kt\u00f3ry spe\u0142nia wiele funkcji.<\/p>\n<p>Zaczynaj\u0105c od wygody, pikowane w ca\u0142o\u015bci oparcie zapewnia niezr\u00f3wnany komfort podczas odpoczynku. Ka\u017cdy pikowany detal dodaje elegancji i klasy, nadaj\u0105c wn\u0119trzu wyrafinowanego wygl\u0105du.<\/p>\n<p>Co wi\u0119cej, nasz produkt zosta\u0142 zaprojektowany z my\u015bl\u0105 o praktyczno\u015bci. Wewn\u0105trz znajduje si\u0119 pojemnik na po\u015bciel, kt\u00f3ry umo\u017cliwia przechowywanie po\u015bcieli i innych potrzebnych rzeczy, jednocze\u015bnie oszcz\u0119dzaj\u0105c miejsce. Dzi\u0119ki temu rozwi\u0105zaniu, Twoje po\u015bciele s\u0105 zawsze pod r\u0119k\u0105, ale jednocze\u015bnie pozostaj\u0105 schludnie schowane, kiedy nie s\u0105 u\u017cywane.<\/p>\n<p>Nasz mebel z pojemnikiem na po\u015bciel to nie tylko funkcjonalny element, ale r\u00f3wnie\u017c stylowy dodatek dekoracyjny, kt\u00f3ry doskonale wpisuje si\u0119 w r\u00f3\u017cnorodne aran\u017cacje wn\u0119trz. Dzi\u0119ki wysokiej jako\u015bci materia\u0142om i solidnej konstrukcji, mo\u017cesz by\u0107 pewien, \u017ce b\u0119dzie on s\u0142u\u017cy\u0142 Ci przez wiele lat, zapewniaj\u0105c niezr\u00f3wnany komfort i funkcjonalno\u015b\u0107.<\/p>\n<p>Dlatego je\u015bli szukasz mebla, kt\u00f3ry po\u0142\u0105czy wygod\u0119 z praktyczno\u015bci\u0105, nasz produkt z pojemnikiem na po\u015bciel z pikowanym w ca\u0142o\u015bci oparciem jest doskona\u0142ym wyborem dla Ciebie.<\/p>\n<h4>Wymiary:<\/h4>\n<div class=\"html-div xe8uvvx xdj266r x11i5rnm xat24cr x1mh8g0r xexx8yu x18d9i69 x1h91t0o xkh2ocl x78zum5 xdt5ytf x13a6bvl x193iq5w x1c4vz4f x1eb86dx x1sxyh0 x1nvil2r\" role=\"presentation\">\n<div class=\"xuk3077 x78zum5 x2lah0s x1fgtraw xgd8bvy\" aria-hidden=\"true\">&#8211; D\u0142ugo\u015b\u0107 ca\u0142kowita: 223cm.<\/div>\n<div class=\"xuk3077 x78zum5 x2lah0s x1fgtraw xgd8bvy\" aria-hidden=\"true\">&#8211; Wysoko\u015b\u0107: 98cm.<\/div>\n<div class=\"xuk3077 x78zum5 x2lah0s x1fgtraw xgd8bvy\" aria-hidden=\"true\">&#8211; Szeroko\u015b\u0107 ca\u0142kowita z\u0142o\u017conej wersalki: 87cm.<\/div>\n<div class=\"xuk3077 x78zum5 x2lah0s x1fgtraw xgd8bvy\" aria-hidden=\"true\">&#8211; Powierzchnia spania: 185x130cm<\/div>\n<div class=\"xuk3077 x78zum5 x2lah0s x1fgtraw xgd8bvy\" aria-hidden=\"true\">&#8211; G\u0142\u0119boko\u015b\u0107 siedziska: 53cm.<\/div>\n<div class=\"xuk3077 x78zum5 x2lah0s x1fgtraw xgd8bvy\" aria-hidden=\"true\">&#8211; wysoko\u015b\u0107 od pod\u0142ogi do siedziska: 43cm (na nodze ludwik +5cm)<\/div>\n<\/div>\n<div aria-hidden=\"true\"><\/div>\n","protected":false},"excerpt":{"rendered":"<p>Wersalka z pojemnikiem na po\u015bciel Oto prezentacja naszego mebla, doskona\u0142ej kombinacji wygody i praktyczno\u015bci, idealnego do Twojego salonu lub pokoju go\u015bcinnego. Nasz produkt z pojemnikiem na po\u015bciel to wyj\u0105tkowe rozwi\u0105zanie dla tych, kt\u00f3rzy poszukuj\u0105 mebla, kt\u00f3ry spe\u0142nia wiele funkcji. Zaczynaj\u0105c &hellip; <a href=\"https:\/\/meblejaro.com\/index.php\/produkt\/wersalka-z-pojemnikiem\/\">Continued<\/a><\/p>\n","protected":false},"featured_media":982,"comment_status":"open","ping_status":"closed","template":"","meta":{"kt_blocks_editor_width":""},"product_brand":[],"product_cat":[25,17],"product_tag":[],"class_list":{"0":"post-778","1":"product","2":"type-product","3":"status-publish","4":"has-post-thumbnail","6":"product_cat-chesterfield","7":"product_cat-sofy","8":"product_shipping_class-sofy","10":"first","11":"instock","12":"shipping-taxable","13":"purchasable","14":"product-type-simple"},"_links":{"self":[{"href":"https:\/\/meblejaro.com\/index.php\/wp-json\/wp\/v2\/product\/778","targetHints":{"allow":["GET"]}}],"collection":[{"href":"https:\/\/meblejaro.com\/index.php\/wp-json\/wp\/v2\/product"}],"about":[{"href":"https:\/\/meblejaro.com\/index.php\/wp-json\/wp\/v2\/types\/product"}],"replies":[{"embeddable":true,"href":"https:\/\/meblejaro.com\/index.php\/wp-json\/wp\/v2\/comments?post=778"}],"wp:featuredmedia":[{"embeddable":true,"href":"https:\/\/meblejaro.com\/index.php\/wp-json\/wp\/v2\/media\/982"}],"wp:attachment":[{"href":"https:\/\/meblejaro.com\/index.php\/wp-json\/wp\/v2\/media?parent=778"}],"wp:term":[{"taxonomy":"product_brand","embeddable":true,"href":"https:\/\/meblejaro.com\/index.php\/wp-json\/wp\/v2\/product_brand?post=778"},{"taxonomy":"product_cat","embeddable":true,"href":"https:\/\/meblejaro.com\/index.php\/wp-json\/wp\/v2\/product_cat?post=778"},{"taxonomy":"product_tag","embeddable":true,"href":"https:\/\/meblejaro.com\/index.php\/wp-json\/wp\/v2\/product_tag?post=778"}],"curies":[{"name":"wp","href":"https:\/\/api.w.org\/{rel}","templated":true}]}}