{"id":522,"date":"2024-04-06T17:05:57","date_gmt":"2024-04-06T17:05:57","guid":{"rendered":"https:\/\/serwer273298.lh.pl\/?post_type=product&#038;p=522"},"modified":"2026-02-06T18:20:00","modified_gmt":"2026-02-06T18:20:00","slug":"pufa-niebieskie-kopia","status":"publish","type":"product","link":"https:\/\/meblejaro.com\/index.php\/produkt\/pufa-niebieskie-kopia\/","title":{"rendered":"Pufa klasyczna otwierana"},"content":{"rendered":"\r\n\t<div class=\"paoc-image-popup\">\r\n\t\t<a class=\"paoc-popup-click paoc-popup-cust-957 paoc-popup-image paoc-popup-image\" href=\"javascript:void(0);\"><img decoding=\"async\" class=\"popupaoc-img\" src=\"https:\/\/meblejaro.com\/wp-content\/uploads\/2024\/04\/royal-velvet.jpg\" alt=\"\" \/><\/a>\r\n\r\n\t\t\t<\/div>\r\n\r\n\r\n\t<div class=\"paoc-image-popup\">\r\n\t\t<a class=\"paoc-popup-click paoc-popup-cust-771 paoc-popup-image paoc-popup-image\" href=\"javascript:void(0);\"><img decoding=\"async\" class=\"popupaoc-img\" src=\"https:\/\/meblejaro.com\/wp-content\/uploads\/2024\/04\/dostepne-nozki-300x188.jpg\" alt=\"\" \/><\/a>\r\n\r\n\t\t\t<\/div>\r\n\r\n\r\n\t<div class=\"paoc-image-popup\">\r\n\t\t<a class=\"paoc-popup-click paoc-popup-cust-776 paoc-popup-image paoc-popup-image\" href=\"javascript:void(0);\"><img decoding=\"async\" class=\"popupaoc-img\" src=\"https:\/\/meblejaro.com\/wp-content\/uploads\/2024\/04\/pinezki-300x188.jpg\" alt=\"\" \/><\/a>\r\n\r\n\t\t\t<\/div>\r\n\r\n\n<h3>Pufa klasyczna otwierana<\/h3>\n<p>Przedstawiamy nasz\u0105 wyj\u0105tkow\u0105 puf\u0119, kt\u00f3ra nie tylko zachwyca swoim wygl\u0105dem, ale r\u00f3wnie\u017c oferuje praktyczne rozwi\u0105zania. Nasza otwierana pufa z guzikami na siedzisku to harmonijne po\u0142\u0105czenie elegancji, wygody i funkcjonalno\u015bci, kt\u00f3re wnios\u0105 niepowtarzalny urok do Twojego wn\u0119trza.<\/p>\n<p>Siedzisko pufy, ozdobione charakterystycznymi guzikami, nie tylko dodaje jej uroku, ale tak\u017ce zapewnia wyj\u0105tkowy komfort podczas u\u017cytkowania. Ka\u017cdy detal zosta\u0142 starannie przemy\u015blany, aby zapewni\u0107 nie tylko estetyczny wygl\u0105d, ale tak\u017ce wygod\u0119 podczas siedzenia.<\/p>\n<p>Ale to, co sprawia, \u017ce nasza pufa jest wyj\u0105tkowa, to mo\u017cliwo\u015b\u0107 przechowywania w niej r\u00f3\u017cnych przedmiot\u00f3w. Dzi\u0119ki wygodnemu mechanizmowi otwierania, mo\u017cesz \u0142atwo uzyska\u0107 dost\u0119p do wn\u0119trza pufy, gdzie znajdziesz wystarczaj\u0105co miejsca na przechowywanie dodatkowych ko\u0142der, poduszek, czy nawet ulubionych ksi\u0105\u017cek. Dzi\u0119ki temu Twoje rzeczy b\u0119d\u0105 zawsze na wyci\u0105gni\u0119cie r\u0119ki, a jednocze\u015bnie pozostan\u0105 schludnie pouk\u0142adane.<\/p>\n<p>Pufa zosta\u0142a wykonana z najwy\u017cszej jako\u015bci materia\u0142\u00f3w, co gwarantuje nie tylko jej trwa\u0142o\u015b\u0107, ale tak\u017ce d\u0142ugotrwa\u0142\u0105 satysfakcj\u0119 z u\u017cytkowania. Solidna konstrukcja pozwala cieszy\u0107 si\u0119 ni\u0105 przez wiele lat, dodaj\u0105c elegancji i funkcjonalno\u015bci do Twojego domu.<\/p>\n<p>Podsumowuj\u0105c, nasza otwierana pufa z guzikami na siedzisku to nie tylko praktyczne rozwi\u0105zanie do przechowywania, ale tak\u017ce wyj\u0105tkowy element dekoracyjny, kt\u00f3ry doda uroku i stylu do Twojego wn\u0119trza. Odkryj nowy wymiar komfortu i elegancji dzi\u0119ki tej wyj\u0105tkowej pufie.<\/p>\n<h4>Wymiary:<\/h4>\n<ul>\n<li>80x40cm<\/li>\n<li>70x40cm<\/li>\n<\/ul>\n<p><strong>Mo\u017cemy wykona\u0107 mebel w wi\u0119kszo\u015bci rozmiar\u00f3w, je\u015bli masz konkretne wymagania co do wielko\u015bci mebla, skontaktuj si\u0119 z nami pod numerem telefonu: <a href=\"tel:+48790257412\">+48 790 257 412<\/a> lub przez naszego facebooka.<\/strong><\/p>\n","protected":false},"excerpt":{"rendered":"<p>Pufa klasyczna otwierana Przedstawiamy nasz\u0105 wyj\u0105tkow\u0105 puf\u0119, kt\u00f3ra nie tylko zachwyca swoim wygl\u0105dem, ale r\u00f3wnie\u017c oferuje praktyczne rozwi\u0105zania. Nasza otwierana pufa z guzikami na siedzisku to harmonijne po\u0142\u0105czenie elegancji, wygody i funkcjonalno\u015bci, kt\u00f3re wnios\u0105 niepowtarzalny urok do Twojego wn\u0119trza. Siedzisko &hellip; <a href=\"https:\/\/meblejaro.com\/index.php\/produkt\/pufa-niebieskie-kopia\/\">Continued<\/a><\/p>\n","protected":false},"featured_media":529,"comment_status":"open","ping_status":"closed","template":"","meta":{"kt_blocks_editor_width":""},"product_brand":[],"product_cat":[26],"product_tag":[],"class_list":{"0":"post-522","1":"product","2":"type-product","3":"status-publish","4":"has-post-thumbnail","6":"product_cat-pufy","7":"product_shipping_class-pufy","9":"first","10":"instock","11":"shipping-taxable","12":"purchasable","13":"product-type-simple"},"_links":{"self":[{"href":"https:\/\/meblejaro.com\/index.php\/wp-json\/wp\/v2\/product\/522","targetHints":{"allow":["GET"]}}],"collection":[{"href":"https:\/\/meblejaro.com\/index.php\/wp-json\/wp\/v2\/product"}],"about":[{"href":"https:\/\/meblejaro.com\/index.php\/wp-json\/wp\/v2\/types\/product"}],"replies":[{"embeddable":true,"href":"https:\/\/meblejaro.com\/index.php\/wp-json\/wp\/v2\/comments?post=522"}],"wp:featuredmedia":[{"embeddable":true,"href":"https:\/\/meblejaro.com\/index.php\/wp-json\/wp\/v2\/media\/529"}],"wp:attachment":[{"href":"https:\/\/meblejaro.com\/index.php\/wp-json\/wp\/v2\/media?parent=522"}],"wp:term":[{"taxonomy":"product_brand","embeddable":true,"href":"https:\/\/meblejaro.com\/index.php\/wp-json\/wp\/v2\/product_brand?post=522"},{"taxonomy":"product_cat","embeddable":true,"href":"https:\/\/meblejaro.com\/index.php\/wp-json\/wp\/v2\/product_cat?post=522"},{"taxonomy":"product_tag","embeddable":true,"href":"https:\/\/meblejaro.com\/index.php\/wp-json\/wp\/v2\/product_tag?post=522"}],"curies":[{"name":"wp","href":"https:\/\/api.w.org\/{rel}","templated":true}]}}