{"id":497,"date":"2024-04-06T16:45:41","date_gmt":"2024-04-06T16:45:41","guid":{"rendered":"https:\/\/serwer273298.lh.pl\/?post_type=product&#038;p=497"},"modified":"2026-02-06T18:20:19","modified_gmt":"2026-02-06T18:20:19","slug":"pufa-niebieskie","status":"publish","type":"product","link":"https:\/\/meblejaro.com\/index.php\/produkt\/pufa-niebieskie\/","title":{"rendered":"Pufa klasyczna"},"content":{"rendered":"\r\n\t<div class=\"paoc-image-popup\">\r\n\t\t<a class=\"paoc-popup-click paoc-popup-cust-957 paoc-popup-image paoc-popup-image\" href=\"javascript:void(0);\"><img decoding=\"async\" class=\"popupaoc-img\" src=\"https:\/\/meblejaro.com\/wp-content\/uploads\/2024\/04\/royal-velvet.jpg\" alt=\"\" \/><\/a>\r\n\r\n\t\t\t<\/div>\r\n\r\n\r\n\t<div class=\"paoc-image-popup\">\r\n\t\t<a class=\"paoc-popup-click paoc-popup-cust-771 paoc-popup-image paoc-popup-image\" href=\"javascript:void(0);\"><img decoding=\"async\" class=\"popupaoc-img\" src=\"https:\/\/meblejaro.com\/wp-content\/uploads\/2024\/04\/dostepne-nozki-300x188.jpg\" alt=\"\" \/><\/a>\r\n\r\n\t\t\t<\/div>\r\n\r\n\r\n\t<div class=\"paoc-image-popup\">\r\n\t\t<a class=\"paoc-popup-click paoc-popup-cust-776 paoc-popup-image paoc-popup-image\" href=\"javascript:void(0);\"><img decoding=\"async\" class=\"popupaoc-img\" src=\"https:\/\/meblejaro.com\/wp-content\/uploads\/2024\/04\/pinezki-300x188.jpg\" alt=\"\" \/><\/a>\r\n\r\n\t\t\t<\/div>\r\n\r\n\n<h3>Pufa klasyczna<\/h3>\n<p>Wyobra\u017a sobie relaksuj\u0105cy k\u0105cik w twoim salonie lub sypialni, gdzie mo\u017cesz odpocz\u0105\u0107 po d\u0142ugim dniu pracy. Ta klasyczna pufa\u00a0 jest doskona\u0142ym dodatkiem do twojej przestrzeni, zapewniaj\u0105c zar\u00f3wno wygod\u0119, jak i elegancj\u0119.<\/p>\n<p>&nbsp;<\/p>\n<p>Zaprojektowana z my\u015bl\u0105 o komforcie, ta pufa posiada idealne proporcje, aby zapewni\u0107 optymalne wsparcie dla cia\u0142a podczas odpoczynku. Jej solidna konstrukcja gwarantuje trwa\u0142o\u015b\u0107 i stabilno\u015b\u0107, co sprawia, \u017ce mo\u017cesz cieszy\u0107 si\u0119 d\u0142ugimi godzinami siedzenia bez obaw o dyskomfort.<\/p>\n<p>Pufa zosta\u0142a wyko\u0144czona wysokiej jako\u015bci tkanin\u0105, kt\u00f3ra jest mi\u0119kka w dotyku i \u0142atwa w utrzymaniu czysto\u015bci. Dzi\u0119ki swoim minimalistycznym, ale eleganckim wzorom, idealnie komponuje si\u0119 z r\u00f3\u017cnymi stylami aran\u017cacyjnymi, dodaj\u0105c wn\u0119trzu niepowtarzalnego charakteru.<\/p>\n<p>&nbsp;<\/p>\n<p>Nie tylko doskonale wygl\u0105da, ale tak\u017ce jest praktyczna. Mo\u017cesz j\u0105 \u0142atwo przestawia\u0107 z miejsca na miejsce w zale\u017cno\u015bci od potrzeb, zapewniaj\u0105c wygod\u0119 zar\u00f3wno sobie, jak i swoim go\u015bciom. Dodatkowo, jej uniwersalny rozmiar sprawia, \u017ce idealnie pasuje do wi\u0119kszo\u015bci pomieszcze\u0144, niezale\u017cnie od ich wielko\u015bci.<\/p>\n<p>Wprowad\u017a do swojego domu atmosfer\u0119 luksusu i wygody dzi\u0119ki tej pufie.<\/p>\n<p>&nbsp;<\/p>\n<p><strong>Puf\u0119 montujemy tylko na nogach o wysoko\u015bci 18cm lub 20cm, istnieje opcjonalna mo\u017cliwo\u015b\u0107 zrobienia pufy na n\u00f3\u017cce kopytko 15cm, wtedy skrzynia b\u0119dzie wy\u017csza.<\/strong><\/p>\n<p>&nbsp;<\/p>\n<p><strong>Dost\u0119pne rozmiary:<\/strong><\/p>\n<ul>\n<li>70x40cm, wys 42cm +\/- 1cm<\/li>\n<li>80x40cm, wys 42cm +\/- 1cm<\/li>\n<\/ul>\n<p>&nbsp;<\/p>\n<p><strong>Mo\u017cemy wykona\u0107 mebel w wi\u0119kszo\u015bci rozmiar\u00f3w, je\u015bli masz konkretne wymagania co do wielko\u015bci mebla, skontaktuj si\u0119 z nami pod numerem telefonu: <a href=\"tel:+48790257412\">+48 790 257 412<\/a> lub przez naszego facebooka.<\/strong><\/p>\n<p>&nbsp;<\/p>\n","protected":false},"excerpt":{"rendered":"<p>Pufa klasyczna Wyobra\u017a sobie relaksuj\u0105cy k\u0105cik w twoim salonie lub sypialni, gdzie mo\u017cesz odpocz\u0105\u0107 po d\u0142ugim dniu pracy. Ta klasyczna pufa\u00a0 jest doskona\u0142ym dodatkiem do twojej przestrzeni, zapewniaj\u0105c zar\u00f3wno wygod\u0119, jak i elegancj\u0119. &nbsp; Zaprojektowana z my\u015bl\u0105 o komforcie, ta &hellip; <a href=\"https:\/\/meblejaro.com\/index.php\/produkt\/pufa-niebieskie\/\">Continued<\/a><\/p>\n","protected":false},"featured_media":501,"comment_status":"open","ping_status":"closed","template":"","meta":{"kt_blocks_editor_width":""},"product_brand":[],"product_cat":[26],"product_tag":[],"class_list":{"0":"post-497","1":"product","2":"type-product","3":"status-publish","4":"has-post-thumbnail","6":"product_cat-pufy","7":"product_shipping_class-pufy","9":"first","10":"instock","11":"shipping-taxable","12":"purchasable","13":"product-type-simple"},"_links":{"self":[{"href":"https:\/\/meblejaro.com\/index.php\/wp-json\/wp\/v2\/product\/497","targetHints":{"allow":["GET"]}}],"collection":[{"href":"https:\/\/meblejaro.com\/index.php\/wp-json\/wp\/v2\/product"}],"about":[{"href":"https:\/\/meblejaro.com\/index.php\/wp-json\/wp\/v2\/types\/product"}],"replies":[{"embeddable":true,"href":"https:\/\/meblejaro.com\/index.php\/wp-json\/wp\/v2\/comments?post=497"}],"wp:featuredmedia":[{"embeddable":true,"href":"https:\/\/meblejaro.com\/index.php\/wp-json\/wp\/v2\/media\/501"}],"wp:attachment":[{"href":"https:\/\/meblejaro.com\/index.php\/wp-json\/wp\/v2\/media?parent=497"}],"wp:term":[{"taxonomy":"product_brand","embeddable":true,"href":"https:\/\/meblejaro.com\/index.php\/wp-json\/wp\/v2\/product_brand?post=497"},{"taxonomy":"product_cat","embeddable":true,"href":"https:\/\/meblejaro.com\/index.php\/wp-json\/wp\/v2\/product_cat?post=497"},{"taxonomy":"product_tag","embeddable":true,"href":"https:\/\/meblejaro.com\/index.php\/wp-json\/wp\/v2\/product_tag?post=497"}],"curies":[{"name":"wp","href":"https:\/\/api.w.org\/{rel}","templated":true}]}}