{"id":454,"date":"2024-04-06T08:54:31","date_gmt":"2024-04-06T08:54:31","guid":{"rendered":"https:\/\/serwer273298.lh.pl\/?post_type=product&#038;p=454"},"modified":"2026-02-06T18:20:29","modified_gmt":"2026-02-06T18:20:29","slug":"sofa-mini","status":"publish","type":"product","link":"https:\/\/meblejaro.com\/index.php\/produkt\/sofa-mini\/","title":{"rendered":"Sofa chesterfield mini"},"content":{"rendered":"\r\n\t<div class=\"paoc-image-popup\">\r\n\t\t<a class=\"paoc-popup-click paoc-popup-cust-957 paoc-popup-image paoc-popup-image\" href=\"javascript:void(0);\"><img decoding=\"async\" class=\"popupaoc-img\" src=\"https:\/\/meblejaro.com\/wp-content\/uploads\/2024\/04\/royal-velvet.jpg\" alt=\"\" \/><\/a>\r\n\r\n\t\t\t<\/div>\r\n\r\n\r\n\t<div class=\"paoc-image-popup\">\r\n\t\t<a class=\"paoc-popup-click paoc-popup-cust-771 paoc-popup-image paoc-popup-image\" href=\"javascript:void(0);\"><img decoding=\"async\" class=\"popupaoc-img\" src=\"https:\/\/meblejaro.com\/wp-content\/uploads\/2024\/04\/dostepne-nozki-300x188.jpg\" alt=\"\" \/><\/a>\r\n\r\n\t\t\t<\/div>\r\n\r\n\r\n\t<div class=\"paoc-image-popup\">\r\n\t\t<a class=\"paoc-popup-click paoc-popup-cust-776 paoc-popup-image paoc-popup-image\" href=\"javascript:void(0);\"><img decoding=\"async\" class=\"popupaoc-img\" src=\"https:\/\/meblejaro.com\/wp-content\/uploads\/2024\/04\/pinezki-300x188.jpg\" alt=\"\" \/><\/a>\r\n\r\n\t\t\t<\/div>\r\n\r\n\n<h2>Sofa chesterfield MINI<\/h2>\n<p>Zapraszamy do \u015bwiata wyj\u0105tkowej elegancji i komfortu dla najm\u0142odszych z nasz\u0105 mini sof\u0105 Chesterfield dla dzieci. Wykonana z dba\u0142o\u015bci\u0105 o detale, ta urocza sofa jest doskona\u0142\u0105 propozycj\u0105 dla ma\u0142ych entuzjast\u00f3w wygody i stylu.<\/p>\n<p>Dost\u0119pna w dw\u00f3ch rozmiarach &#8211; 103x36cm oraz 93x36cm &#8211; zapewniaj\u0105cych odpowiedni\u0105 przestrze\u0144 dla maluch\u00f3w, ta mini sofa Chesterfield idealnie wpisuje si\u0119 w ka\u017cde dzieci\u0119ce pomieszczenie, tworz\u0105c przytulne i eleganckie miejsce do relaksu i zabawy.<\/p>\n<p>Oferujemy j\u0105 w dw\u00f3ch wariantach, by spe\u0142ni\u0107 r\u00f3\u017cne preferencje: z pikowanym lub p\u0142askim oparciem. Oparcie pikowane dodaje sofie niepowtarzalnego, klasycznego uroku, podczas gdy p\u0142askie oparcie prezentuje si\u0119 bardziej nowocze\u015bnie i minimalistycznie.<\/p>\n<p>Wykonana z wysokiej jako\u015bci materia\u0142\u00f3w, nasza mini sofa Chesterfield zapewnia nie tylko estetyk\u0119, ale tak\u017ce wygod\u0119 i trwa\u0142o\u015b\u0107, gwarantuj\u0105c rado\u015b\u0107 u\u017cytkowania przez wiele lat.<\/p>\n<p>Niech nasza mini sofa Chesterfield dla dzieci stanie si\u0119 nieod\u0142\u0105cznym elementem dzieci\u0119cego wn\u0119trza, gdzie maluchy b\u0119d\u0105 mog\u0142y cieszy\u0107 si\u0119 chwilami sp\u0119dzonymi w wyj\u0105tkowym i eleganckim otoczeniu.<\/p>\n<p>&nbsp;<\/p>\n<p><strong>Wymiar:\u00a0<\/strong><\/p>\n<p>Szeroko\u015b\u0107: 103cm lub 93cm<\/p>\n<p>G\u0142\u0119boko\u015b\u0107: 36cm<\/p>\n<p>Wysoko\u015b\u0107: 51cm<\/p>\n<p>Wysoko\u015b\u0107 od pod\u0142ogi do siedziska: 27cm<\/p>\n<p>Siedzisko: 64x32cm<\/p>\n<p>&nbsp;<\/p>\n<p><strong>Mo\u017cemy wykona\u0107 mebel w wi\u0119kszo\u015bci rozmiar\u00f3w, je\u015bli masz konkretne wymagania co do wielko\u015bci mebla, skontaktuj si\u0119 z nami pod numerem telefonu: <a href=\"tel:+48790257412\">+48 790 257 412<\/a> lub przez naszego facebooka.<\/strong><\/p>\n","protected":false},"excerpt":{"rendered":"<p>Sofa chesterfield MINI Zapraszamy do \u015bwiata wyj\u0105tkowej elegancji i komfortu dla najm\u0142odszych z nasz\u0105 mini sof\u0105 Chesterfield dla dzieci. Wykonana z dba\u0142o\u015bci\u0105 o detale, ta urocza sofa jest doskona\u0142\u0105 propozycj\u0105 dla ma\u0142ych entuzjast\u00f3w wygody i stylu. Dost\u0119pna w dw\u00f3ch rozmiarach &hellip; <a href=\"https:\/\/meblejaro.com\/index.php\/produkt\/sofa-mini\/\">Continued<\/a><\/p>\n","protected":false},"featured_media":490,"comment_status":"open","ping_status":"closed","template":"","meta":{"kt_blocks_editor_width":""},"product_brand":[],"product_cat":[25,26,17],"product_tag":[],"class_list":{"0":"post-454","1":"product","2":"type-product","3":"status-publish","4":"has-post-thumbnail","6":"product_cat-chesterfield","7":"product_cat-pufy","8":"product_cat-sofy","9":"product_shipping_class-pufy","11":"first","12":"instock","13":"shipping-taxable","14":"purchasable","15":"product-type-simple"},"_links":{"self":[{"href":"https:\/\/meblejaro.com\/index.php\/wp-json\/wp\/v2\/product\/454","targetHints":{"allow":["GET"]}}],"collection":[{"href":"https:\/\/meblejaro.com\/index.php\/wp-json\/wp\/v2\/product"}],"about":[{"href":"https:\/\/meblejaro.com\/index.php\/wp-json\/wp\/v2\/types\/product"}],"replies":[{"embeddable":true,"href":"https:\/\/meblejaro.com\/index.php\/wp-json\/wp\/v2\/comments?post=454"}],"wp:featuredmedia":[{"embeddable":true,"href":"https:\/\/meblejaro.com\/index.php\/wp-json\/wp\/v2\/media\/490"}],"wp:attachment":[{"href":"https:\/\/meblejaro.com\/index.php\/wp-json\/wp\/v2\/media?parent=454"}],"wp:term":[{"taxonomy":"product_brand","embeddable":true,"href":"https:\/\/meblejaro.com\/index.php\/wp-json\/wp\/v2\/product_brand?post=454"},{"taxonomy":"product_cat","embeddable":true,"href":"https:\/\/meblejaro.com\/index.php\/wp-json\/wp\/v2\/product_cat?post=454"},{"taxonomy":"product_tag","embeddable":true,"href":"https:\/\/meblejaro.com\/index.php\/wp-json\/wp\/v2\/product_tag?post=454"}],"curies":[{"name":"wp","href":"https:\/\/api.w.org\/{rel}","templated":true}]}}