{"id":420,"date":"2024-04-06T08:39:58","date_gmt":"2024-04-06T08:39:58","guid":{"rendered":"https:\/\/serwer273298.lh.pl\/?post_type=product&#038;p=420"},"modified":"2026-02-06T18:20:44","modified_gmt":"2026-02-06T18:20:44","slug":"naroznik-chesterfield","status":"publish","type":"product","link":"https:\/\/meblejaro.com\/index.php\/produkt\/naroznik-chesterfield\/","title":{"rendered":"Naro\u017cnik Chesterfield"},"content":{"rendered":"\r\n\t<div class=\"paoc-image-popup\">\r\n\t\t<a class=\"paoc-popup-click paoc-popup-cust-957 paoc-popup-image paoc-popup-image\" href=\"javascript:void(0);\"><img decoding=\"async\" class=\"popupaoc-img\" src=\"https:\/\/meblejaro.com\/wp-content\/uploads\/2024\/04\/royal-velvet.jpg\" alt=\"\" \/><\/a>\r\n\r\n\t\t\t<\/div>\r\n\r\n\r\n\t<div class=\"paoc-image-popup\">\r\n\t\t<a class=\"paoc-popup-click paoc-popup-cust-771 paoc-popup-image paoc-popup-image\" href=\"javascript:void(0);\"><img decoding=\"async\" class=\"popupaoc-img\" src=\"https:\/\/meblejaro.com\/wp-content\/uploads\/2024\/04\/dostepne-nozki-300x188.jpg\" alt=\"\" \/><\/a>\r\n\r\n\t\t\t<\/div>\r\n\r\n\r\n\t<div class=\"paoc-image-popup\">\r\n\t\t<a class=\"paoc-popup-click paoc-popup-cust-776 paoc-popup-image paoc-popup-image\" href=\"javascript:void(0);\"><img decoding=\"async\" class=\"popupaoc-img\" src=\"https:\/\/meblejaro.com\/wp-content\/uploads\/2024\/04\/pinezki-300x188.jpg\" alt=\"\" \/><\/a>\r\n\r\n\t\t\t<\/div>\r\n\r\n\n<p><strong>Wyj\u0105tkowy Design, Niezr\u00f3wnany Komfort<\/strong><\/p>\n<p>Naro\u017cnik chesterfield to kwintesencja elegancji i stylu. Jego klasyczny wygl\u0105d, z charakterystycznymi guzikami i pikowanym wyko\u0144czeniem, nadaje ka\u017cdemu wn\u0119trzu wyj\u0105tkowego charakteru. Teraz mo\u017cesz cieszy\u0107 si\u0119 tym luksusem nie tylko w standardowym rozmiarze, ale r\u00f3wnie\u017c w dowolnej konfiguracji, wystarczy si\u0119 z nami skontaktowa\u0107!<\/p>\n<p><strong>Dowolny Rozmiar na Zam\u00f3wienie<\/strong><\/p>\n<p>Dzi\u0119ki naszej elastycznej produkcji mo\u017cemy wykona\u0107 naro\u017cnik chesterfield w dowolnym rozmiarze. Ka\u017cde dodatkowe 10 cm kosztuje dodatkowo tylko 180 z\u0142. Skontaktuj si\u0119 z nami, aby stworzy\u0107 idealnie dopasowany mebel do Twojej przestrzeni.<\/p>\n<p><strong>Doskona\u0142a Jako\u015b\u0107 i Wygoda<\/strong><\/p>\n<p>Nasze naro\u017cniki chesterfield wykonane s\u0105 z najwy\u017cszej jako\u015bci materia\u0142\u00f3w, zapewniaj\u0105c nie tylko elegancki wygl\u0105d, ale r\u00f3wnie\u017c niezr\u00f3wnany komfort u\u017cytkowania. Wyposa\u017cone w wysokiej jako\u015bci piank\u0119 HR i spr\u0119\u017cyn\u0119 falist\u0105, gwarantuj\u0105 d\u0142ugotrwa\u0142\u0105 wygod\u0119 i stabilno\u015b\u0107.<\/p>\n<p><strong>Szeroki Wyb\u00f3r Kolor\u00f3w i Dodatk\u00f3w<\/strong><\/p>\n<p>Wybierz spo\u015br\u00f3d szerokiej gamy kolor\u00f3w i tkanin, aby dopasowa\u0107 naro\u017cnik do swojego stylu i gustu. Dodatkowo oferujemy mo\u017cliwo\u015b\u0107 wyboru r\u00f3\u017cnych dodatk\u00f3w, aby stworzy\u0107 mebel dok\u0142adnie tak, jak sobie wymarzy\u0142e\u015b.<\/p>\n<p><strong>Specyfikacja Techniczna:<\/strong><\/p>\n<p><strong>Wymiary: <\/strong><\/p>\n<ul>\n<li>d\u0142ugo\u015b\u0107 264&#215;205 cm +\/- 2cm<\/li>\n<li>wysoko\u015b\u0107 na nogach ludwik: 84cm,<\/li>\n<li>na nogach ba\u0142wanek: 79 cm,<\/li>\n<li>g\u0142\u0119boko\u015b\u0107 ca\u0142kowita 92 cm,<\/li>\n<li>g\u0142\u0119boko\u015b\u0107 siedziska 52 cm,<\/li>\n<li>d\u0142ugo\u015b\u0107 siedziska 133x51cm + 140x51cm<\/li>\n<li>wysoko\u015b\u0107 do siedziska na nogach ludwik: 48 cm, na nogach ba\u0142wanek\/laura: 43 cm.<\/li>\n<\/ul>\n<p><strong>Mo\u017cemy wykona\u0107 mebel w wi\u0119kszo\u015bci rozmiar\u00f3w, je\u015bli masz konkretne wymagania co do wielko\u015bci mebla, skontaktuj si\u0119 z nami pod numerem telefonu: <a href=\"tel:+48790257412\">+48 790 257 412<\/a> lub przez naszego facebooka.<\/strong><\/p>\n<p><strong>Zam\u00f3w ju\u017c dzi\u015b sw\u00f3j w\u0142asny Naro\u017cnik Chesterfield i ciesz si\u0119 luksusem i elegancj\u0105 w swoim domu!<\/strong><\/p>\n","protected":false},"excerpt":{"rendered":"<p>Wyj\u0105tkowy Design, Niezr\u00f3wnany Komfort Naro\u017cnik chesterfield to kwintesencja elegancji i stylu. Jego klasyczny wygl\u0105d, z charakterystycznymi guzikami i pikowanym wyko\u0144czeniem, nadaje ka\u017cdemu wn\u0119trzu wyj\u0105tkowego charakteru. Teraz mo\u017cesz cieszy\u0107 si\u0119 tym luksusem nie tylko w standardowym rozmiarze, ale r\u00f3wnie\u017c w dowolnej &hellip; <a href=\"https:\/\/meblejaro.com\/index.php\/produkt\/naroznik-chesterfield\/\">Continued<\/a><\/p>\n","protected":false},"featured_media":489,"comment_status":"open","ping_status":"closed","template":"","meta":{"kt_blocks_editor_width":""},"product_brand":[],"product_cat":[25,27],"product_tag":[],"class_list":{"0":"post-420","1":"product","2":"type-product","3":"status-publish","4":"has-post-thumbnail","6":"product_cat-chesterfield","7":"product_cat-naroznik","8":"product_shipping_class-naroznik","10":"first","11":"instock","12":"shipping-taxable","13":"purchasable","14":"product-type-simple"},"_links":{"self":[{"href":"https:\/\/meblejaro.com\/index.php\/wp-json\/wp\/v2\/product\/420","targetHints":{"allow":["GET"]}}],"collection":[{"href":"https:\/\/meblejaro.com\/index.php\/wp-json\/wp\/v2\/product"}],"about":[{"href":"https:\/\/meblejaro.com\/index.php\/wp-json\/wp\/v2\/types\/product"}],"replies":[{"embeddable":true,"href":"https:\/\/meblejaro.com\/index.php\/wp-json\/wp\/v2\/comments?post=420"}],"wp:featuredmedia":[{"embeddable":true,"href":"https:\/\/meblejaro.com\/index.php\/wp-json\/wp\/v2\/media\/489"}],"wp:attachment":[{"href":"https:\/\/meblejaro.com\/index.php\/wp-json\/wp\/v2\/media?parent=420"}],"wp:term":[{"taxonomy":"product_brand","embeddable":true,"href":"https:\/\/meblejaro.com\/index.php\/wp-json\/wp\/v2\/product_brand?post=420"},{"taxonomy":"product_cat","embeddable":true,"href":"https:\/\/meblejaro.com\/index.php\/wp-json\/wp\/v2\/product_cat?post=420"},{"taxonomy":"product_tag","embeddable":true,"href":"https:\/\/meblejaro.com\/index.php\/wp-json\/wp\/v2\/product_tag?post=420"}],"curies":[{"name":"wp","href":"https:\/\/api.w.org\/{rel}","templated":true}]}}