{"id":707,"date":"2024-04-10T18:51:28","date_gmt":"2024-04-10T18:51:28","guid":{"rendered":"https:\/\/serwer273298.lh.pl\/?page_id=707"},"modified":"2024-04-22T13:11:46","modified_gmt":"2024-04-22T13:11:46","slug":"nozki","status":"publish","type":"page","link":"https:\/\/meblejaro.com\/index.php\/nozki\/","title":{"rendered":"N\u00f3\u017cki"},"content":{"rendered":"\n<h4 class=\"wp-block-heading\">Kopytko drewniane H15<\/h4>\n\n\n\n<ul class=\"wp-block-list\">\n<li>N\u00f3\u017cka wykonana z drewna bukowego barwiona lakierem w r\u00f3\u017cnych kolorach\n<ul class=\"wp-block-list\">\n<li>Wymiary:<br>g\u00f3ra &#8211; 5,5cm x 5,5cm<br>d\u00f3\u0142 &#8211; 3cm x 3cm<br>wysoko\u015b\u0107 &#8211; 15cm<br>\u015bruba M8<\/li>\n<\/ul>\n<\/li>\n<\/ul>\n\n\n\n<figure class=\"wp-block-image size-full is-resized\"><img loading=\"lazy\" decoding=\"async\" width=\"400\" height=\"320\" sizes=\"auto, (max-width: 400px) 100vw, 400px\" src=\"https:\/\/meblejaro.com\/wp-content\/uploads\/2024\/04\/ludwik-drewno-h15.jpg\" alt=\"\" class=\"wp-image-708\" style=\"width:371px;height:auto\" srcset=\"https:\/\/meblejaro.com\/wp-content\/uploads\/2024\/04\/ludwik-drewno-h15.jpg 400w, https:\/\/meblejaro.com\/wp-content\/uploads\/2024\/04\/ludwik-drewno-h15-300x240.jpg 300w\" \/><\/figure>\n\n\n\n<h4 class=\"wp-block-heading\">Kopytko drewniane H20<\/h4>\n\n\n\n<ul class=\"wp-block-list\">\n<li>N\u00f3\u017cka wykonana z drewna bukowego barwiona lakierem w r\u00f3\u017cnych kolorach\n<ul class=\"wp-block-list\">\n<li>Wymiary:<br>wysoko\u015b\u0107 &#8211; 20cm<br>g\u00f3ra &#8211; 4,8cm x 4,8cm<br>d\u00f3\u0142 &#8211; 2,5cm x 2,5cm<br>\u015bruba M8 wystaje ponad drewno ok 3,9cm<\/li>\n<\/ul>\n<\/li>\n<\/ul>\n\n\n\n<figure class=\"wp-block-image size-full\"><img loading=\"lazy\" decoding=\"async\" width=\"400\" height=\"320\" sizes=\"auto, (max-width: 400px) 100vw, 400px\" src=\"https:\/\/meblejaro.com\/wp-content\/uploads\/2024\/04\/kopytkoh20.jpg\" alt=\"\" class=\"wp-image-784\" srcset=\"https:\/\/meblejaro.com\/wp-content\/uploads\/2024\/04\/kopytkoh20.jpg 400w, https:\/\/meblejaro.com\/wp-content\/uploads\/2024\/04\/kopytkoh20-300x240.jpg 300w\" \/><\/figure>\n\n\n\n<h4 class=\"wp-block-heading\">Laura H9 i H12<\/h4>\n\n\n\n<ul class=\"wp-block-list\">\n<li>N\u00f3\u017cka wykonana z drewna bukowego barwiona lakierem w r\u00f3\u017cnych kolorach\n<ul class=\"wp-block-list\">\n<li>Wymiary:<\/li>\n\n\n\n<li>Wysoko\u015b\u0107: 9cm i 12cm<br> g\u00f3ra ok. 5,4cm x 5,4cm<br> d\u00f3\u0142 4cm x 4cm<br> wysoko\u015b\u0107 12cm i 18cm<br> \u015bruba m8<\/li>\n<\/ul>\n<\/li>\n<\/ul>\n\n\n\n<figure class=\"wp-block-image size-full\"><img loading=\"lazy\" decoding=\"async\" width=\"400\" height=\"320\" sizes=\"auto, (max-width: 400px) 100vw, 400px\" src=\"https:\/\/meblejaro.com\/wp-content\/uploads\/2024\/04\/laura-h12.jpg\" alt=\"\" class=\"wp-image-709\" srcset=\"https:\/\/meblejaro.com\/wp-content\/uploads\/2024\/04\/laura-h12.jpg 400w, https:\/\/meblejaro.com\/wp-content\/uploads\/2024\/04\/laura-h12-300x240.jpg 300w\" \/><\/figure>\n\n\n\n<h4 class=\"wp-block-heading\">G\u00f3ral<\/h4>\n\n\n\n<ul class=\"wp-block-list\">\n<li>N\u00f3\u017cka wykonana z drewna bukowego barwiona lakierem w r\u00f3\u017cnych kolorach\n<ul class=\"wp-block-list\">\n<li>Wymiary :<br>wysoko\u015b\u0107 &#8211; 9cm<br>\u015brednica &#8211; 7,3cm<br>\u015bruba M8<\/li>\n<\/ul>\n<\/li>\n<\/ul>\n\n\n\n<figure class=\"wp-block-image size-full\"><img loading=\"lazy\" decoding=\"async\" width=\"400\" height=\"320\" sizes=\"auto, (max-width: 400px) 100vw, 400px\" src=\"https:\/\/meblejaro.com\/wp-content\/uploads\/2024\/04\/goral.jpg\" alt=\"\" class=\"wp-image-710\" srcset=\"https:\/\/meblejaro.com\/wp-content\/uploads\/2024\/04\/goral.jpg 400w, https:\/\/meblejaro.com\/wp-content\/uploads\/2024\/04\/goral-300x240.jpg 300w\" \/><\/figure>\n\n\n\n<h4 class=\"wp-block-heading\">Ludwik srebro\/z\u0142oto<\/h4>\n\n\n\n<ul class=\"wp-block-list\">\n<li>Wysoko\u015b\u0107 &#8211; 14cm<br>Wymiary g\u00f3nej kraw\u0119dzi : ok 6,5cm x 6,5cm<br>N\u00f3\u017cka posiada \u015blizg ochronny<\/li>\n\n\n\n<li>Dodatkowa op\u0142ata +150z\u0142 od mebla<\/li>\n<\/ul>\n\n\n<style>.wp-block-kadence-advancedgallery .kb-gallery-type-masonry.kb-gallery-id-707_8d7639-35{margin:-5px;}.kb-gallery-type-masonry.kb-gallery-id-707_8d7639-35 .kadence-blocks-gallery-item{padding:5px;}.kb-gallery-id-707_8d7639-35 .kadence-blocks-gallery-item .kb-gal-image-radius, .kb-gallery-id-707_8d7639-35 .kb-slide-item .kb-gal-image-radius img{border-radius:0px 0px 0px 0px;;}<\/style><div class=\"kb-gallery-wrap-id-707_8d7639-35 alignnone wp-block-kadence-advancedgallery\"><ul class=\"kb-gallery-ul kb-gallery-non-static kb-gallery-type-masonry kb-masonry-init kb-gallery-id-707_8d7639-35 kb-gallery-caption-style-bottom-hover kb-gallery-filter-none\" data-image-filter=\"none\" data-item-selector=\".kadence-blocks-gallery-item\" data-lightbox-caption=\"true\" data-columns-xxl=\"3\" data-columns-xl=\"3\" data-columns-md=\"3\" data-columns-sm=\"2\" data-columns-xs=\"1\" data-columns-ss=\"1\"><li class=\"kadence-blocks-gallery-item\" tabindex=\"0\"><div class=\"kadence-blocks-gallery-item-inner\"><figure class=\"kb-gallery-figure kadence-blocks-gallery-item-hide-caption\"><div class=\"kb-gal-image-radius\" style=\"max-width:400px;\"><div class=\"kb-gallery-image-contain kadence-blocks-gallery-intrinsic\" style=\"padding-bottom:80%;\"><img loading=\"lazy\" decoding=\"async\" src=\"https:\/\/meblejaro.com\/wp-content\/uploads\/2024\/04\/ludwik-zloto.jpg\" width=\"400\" height=\"320\" alt=\"\" data-full-image=\"https:\/\/meblejaro.com\/wp-content\/uploads\/2024\/04\/ludwik-zloto.jpg\" data-light-image=\"https:\/\/meblejaro.com\/wp-content\/uploads\/2024\/04\/ludwik-zloto.jpg\" data-id=\"713\" class=\"wp-image-713\" srcset=\"https:\/\/meblejaro.com\/wp-content\/uploads\/2024\/04\/ludwik-zloto.jpg 400w, https:\/\/meblejaro.com\/wp-content\/uploads\/2024\/04\/ludwik-zloto-300x240.jpg 300w\" sizes=\"auto, (max-width: 400px) 100vw, 400px\" \/><\/div><\/div><\/figure><\/div><\/li><li class=\"kadence-blocks-gallery-item\" tabindex=\"0\"><div class=\"kadence-blocks-gallery-item-inner\"><figure class=\"kb-gallery-figure kadence-blocks-gallery-item-hide-caption\"><div class=\"kb-gal-image-radius\" style=\"max-width:400px;\"><div class=\"kb-gallery-image-contain kadence-blocks-gallery-intrinsic\" style=\"padding-bottom:80%;\"><img loading=\"lazy\" decoding=\"async\" src=\"https:\/\/meblejaro.com\/wp-content\/uploads\/2024\/04\/ludwik-srebro-1.jpg\" width=\"400\" height=\"320\" alt=\"\" data-full-image=\"https:\/\/meblejaro.com\/wp-content\/uploads\/2024\/04\/ludwik-srebro-1.jpg\" data-light-image=\"https:\/\/meblejaro.com\/wp-content\/uploads\/2024\/04\/ludwik-srebro-1.jpg\" data-id=\"712\" class=\"wp-image-712\" srcset=\"https:\/\/meblejaro.com\/wp-content\/uploads\/2024\/04\/ludwik-srebro-1.jpg 400w, https:\/\/meblejaro.com\/wp-content\/uploads\/2024\/04\/ludwik-srebro-1-300x240.jpg 300w\" sizes=\"auto, (max-width: 400px) 100vw, 400px\" \/><\/div><\/div><\/figure><\/div><\/li><\/ul><\/div>\n\n\n<p><\/p>\n\n\n\n<h4 class=\"wp-block-heading\">Luna<\/h4>\n\n\n\n<p>wysoko\u015b\u0107: 8cm<\/p>\n\n\n<div class=\"wp-block-image\">\n<figure class=\"alignleft size-large is-resized\"><img loading=\"lazy\" decoding=\"async\" width=\"683\" height=\"1024\" sizes=\"auto, (max-width: 683px) 100vw, 683px\" src=\"https:\/\/meblejaro.com\/wp-content\/uploads\/2024\/04\/MG_9540-683x1024.jpg\" alt=\"\" class=\"wp-image-518\" style=\"width:200px\" srcset=\"https:\/\/meblejaro.com\/wp-content\/uploads\/2024\/04\/MG_9540-683x1024.jpg 683w, https:\/\/meblejaro.com\/wp-content\/uploads\/2024\/04\/MG_9540-200x300.jpg 200w, https:\/\/meblejaro.com\/wp-content\/uploads\/2024\/04\/MG_9540-768x1152.jpg 768w, https:\/\/meblejaro.com\/wp-content\/uploads\/2024\/04\/MG_9540-1024x1536.jpg 1024w, https:\/\/meblejaro.com\/wp-content\/uploads\/2024\/04\/MG_9540-1365x2048.jpg 1365w, https:\/\/meblejaro.com\/wp-content\/uploads\/2024\/04\/MG_9540-600x900.jpg 600w, https:\/\/meblejaro.com\/wp-content\/uploads\/2024\/04\/MG_9540-scaled.jpg 1707w\" \/><\/figure>\n<\/div>\n\n\n<p><\/p>\n\n\n\n<p><\/p>\n\n\n\n<p><\/p>\n\n\n\n<p><\/p>\n\n\n\n<p><\/p>\n\n\n\n<p><\/p>\n\n\n<style>.wp-block-kadence-spacer.kt-block-spacer-707_5f724b-e6 .kt-block-spacer{height:44px;}.wp-block-kadence-spacer.kt-block-spacer-707_5f724b-e6 .kt-divider{border-top-width:1px;height:1px;border-top-color:#ffffff;width:80%;border-top-style:solid;}<\/style>\n<div class=\"wp-block-kadence-spacer aligncenter kt-block-spacer-707_5f724b-e6\"><div class=\"kt-block-spacer kt-block-spacer-halign-center\"><hr class=\"kt-divider\"\/><\/div><\/div>\n\n\n\n<p><\/p>\n\n\n\n<h2 class=\"wp-block-heading\">Rurka nikiel<\/h2>\n\n\n\n<p>wysoko\u015b\u0107 10cm<\/p>\n\n\n\n<figure class=\"wp-block-image\"><img loading=\"lazy\" decoding=\"async\" width=\"127\" height=\"300\" sizes=\"auto, (max-width: 280px) 100vw, 280px\" src=\"https:\/\/meblejaro.com\/wp-content\/uploads\/2024\/04\/rurka-nikiel-wlasciwe-127x300.jpg\" alt=\"\" class=\"wp-image-787\" srcset=\"https:\/\/meblejaro.com\/wp-content\/uploads\/2024\/04\/rurka-nikiel-wlasciwe-127x300.jpg 127w, https:\/\/meblejaro.com\/wp-content\/uploads\/2024\/04\/rurka-nikiel-wlasciwe.jpg 280w\" \/><\/figure>\n\n\n\n<h4 class=\"wp-block-heading\">Rurka nikiel cok\u00f3\u0142<\/h4>\n\n\n\n<p>wysoko\u015b\u0107 10cm<\/p>\n\n\n\n<p><\/p>\n\n\n\n<figure class=\"wp-block-image\"><img loading=\"lazy\" decoding=\"async\" width=\"166\" height=\"300\" sizes=\"auto, (max-width: 330px) 100vw, 330px\" src=\"https:\/\/meblejaro.com\/wp-content\/uploads\/2024\/04\/rurka-nikiel-cokol-166x300.jpg\" alt=\"\" class=\"wp-image-788\" srcset=\"https:\/\/meblejaro.com\/wp-content\/uploads\/2024\/04\/rurka-nikiel-cokol-166x300.jpg 166w, https:\/\/meblejaro.com\/wp-content\/uploads\/2024\/04\/rurka-nikiel-cokol.jpg 330w\" \/><\/figure>\n","protected":false},"excerpt":{"rendered":"<p>Kopytko drewniane H15 Kopytko drewniane H20 Laura H9 i H12 G\u00f3ral Ludwik srebro\/z\u0142oto Luna wysoko\u015b\u0107: 8cm Rurka nikiel wysoko\u015b\u0107 10cm Rurka nikiel cok\u00f3\u0142 wysoko\u015b\u0107 10cm<\/p>\n","protected":false},"author":1,"featured_media":0,"parent":0,"menu_order":0,"comment_status":"closed","ping_status":"closed","template":"","meta":{"kt_blocks_editor_width":"","footnotes":""},"class_list":["post-707","page","type-page","status-publish","hentry"],"_links":{"self":[{"href":"https:\/\/meblejaro.com\/index.php\/wp-json\/wp\/v2\/pages\/707","targetHints":{"allow":["GET"]}}],"collection":[{"href":"https:\/\/meblejaro.com\/index.php\/wp-json\/wp\/v2\/pages"}],"about":[{"href":"https:\/\/meblejaro.com\/index.php\/wp-json\/wp\/v2\/types\/page"}],"author":[{"embeddable":true,"href":"https:\/\/meblejaro.com\/index.php\/wp-json\/wp\/v2\/users\/1"}],"replies":[{"embeddable":true,"href":"https:\/\/meblejaro.com\/index.php\/wp-json\/wp\/v2\/comments?post=707"}],"version-history":[{"count":9,"href":"https:\/\/meblejaro.com\/index.php\/wp-json\/wp\/v2\/pages\/707\/revisions"}],"predecessor-version":[{"id":849,"href":"https:\/\/meblejaro.com\/index.php\/wp-json\/wp\/v2\/pages\/707\/revisions\/849"}],"wp:attachment":[{"href":"https:\/\/meblejaro.com\/index.php\/wp-json\/wp\/v2\/media?parent=707"}],"curies":[{"name":"wp","href":"https:\/\/api.w.org\/{rel}","templated":true}]}}